{"id":780,"date":"2018-12-20T00:00:00","date_gmt":"2018-12-20T00:00:00","guid":{"rendered":"http:\/\/intelsius.com\/product\/alpha-td80s-temperature-logger\/"},"modified":"2023-09-08T16:09:20","modified_gmt":"2023-09-08T15:09:20","slug":"alpha-td80s-temperature-logger","status":"publish","type":"product","link":"https:\/\/intelsius.com\/de\/product\/alpha-td80s-temperature-logger\/","title":{"rendered":"ALPHA TD80S Temperature Logger"},"content":{"rendered":"<p>Der einfach zu bedienende Alpha TD80S ist ein kompakter Einweg-Temperaturdatenlogger f\u00fcr Trockeneis-Transporte.<\/p>\n<p>Der Datenlogger erzeugt automatisch PDF-Berichte zur einfachen Analyse, ohne zus\u00e4tzliche Software und verf\u00fcgt \u00fcber f\u00fcnf Alarmbereiche f\u00fcr pr\u00e4zise und sofortige Statistiken. Er enth\u00e4lt bis zu neun Benachrichtigungen, um alle Punkte hervorzuheben, die besondere Aufmerksamkeit erfordern, und verf\u00fcgt \u00fcber ein NIST-r\u00fcckf\u00fchrbares Kalibrierzertifikat.<\/p>\n<ul>\n<li>Automatischer PDF-Bericht mit integrierten Daten<\/li>\n<li>Wiederholter Start<\/li>\n<li>3-Punkt-Kalibrierung<\/li>\n<li>Mehrere Alarmbereiche<\/li>\n<\/ul>\n<p><a href=\"https:\/\/intelsius.com\/wp-content\/uploads\/2019\/04\/100419-Alpha-TD80S-New-Look-TMD-v2.pdf\"><span class=\"btn btn--dark-blue\">Produktblatt herunterladen<\/span><\/a><\/p>\n","protected":false},"excerpt":{"rendered":"<p>Der einfach zu bedienende Alpha TD80S ist ein kompakter Einweg-Temperaturdatenlogger f\u00fcr Trockeneis-Transporte. Der Datenlogger erzeugt automatisch PDF-Berichte zur einfachen Analyse, ohne zus\u00e4tzliche Software und verf\u00fcgt \u00fcber f\u00fcnf Alarmbereiche f\u00fcr pr\u00e4zise und sofortige Statistiken. Er enth\u00e4lt bis zu neun Benachrichtigungen, um alle Punkte hervorzuheben, die besondere Aufmerksamkeit erfordern, und verf\u00fcgt \u00fcber ein NIST-r\u00fcckf\u00fchrbares Kalibrierzertifikat. Automatischer PDF-Bericht &hellip; <a href=\"https:\/\/intelsius.com\/de\/product\/alpha-td80s-temperature-logger\/\">Continued<\/a><\/p>\n","protected":false},"featured_media":781,"comment_status":"closed","ping_status":"closed","template":"","meta":{"_acf_changed":false},"product_brand":[],"product_cat":[103,104,44],"product_tag":[],"class_list":{"0":"post-780","1":"product","2":"type-product","3":"status-publish","4":"has-post-thumbnail","6":"product_cat-data-loggers","7":"product_cat-komponenten","8":"product_cat-temperaturgefuhrte-verpackungen","9":"pa_temperaturbereich-15c-25c","10":"pa_temperaturbereich-2c-8c","12":"first","13":"instock","14":"taxable","15":"shipping-taxable","16":"product-type-simple"},"group_of_quantity":0,"min_quantity":0,"max_quantity":"","exclude_order_quantity_value_rules":"no","exclude_category_quantity_rules":"no","combine_variations":"no","acf":[],"_links":{"self":[{"href":"https:\/\/intelsius.com\/de\/wp-json\/wp\/v2\/product\/780","targetHints":{"allow":["GET"]}}],"collection":[{"href":"https:\/\/intelsius.com\/de\/wp-json\/wp\/v2\/product"}],"about":[{"href":"https:\/\/intelsius.com\/de\/wp-json\/wp\/v2\/types\/product"}],"replies":[{"embeddable":true,"href":"https:\/\/intelsius.com\/de\/wp-json\/wp\/v2\/comments?post=780"}],"wp:featuredmedia":[{"embeddable":true,"href":"https:\/\/intelsius.com\/de\/wp-json\/wp\/v2\/media\/781"}],"wp:attachment":[{"href":"https:\/\/intelsius.com\/de\/wp-json\/wp\/v2\/media?parent=780"}],"wp:term":[{"taxonomy":"product_brand","embeddable":true,"href":"https:\/\/intelsius.com\/de\/wp-json\/wp\/v2\/product_brand?post=780"},{"taxonomy":"product_cat","embeddable":true,"href":"https:\/\/intelsius.com\/de\/wp-json\/wp\/v2\/product_cat?post=780"},{"taxonomy":"product_tag","embeddable":true,"href":"https:\/\/intelsius.com\/de\/wp-json\/wp\/v2\/product_tag?post=780"}],"curies":[{"name":"wp","href":"https:\/\/api.w.org\/{rel}","templated":true}]}}