{"id":688,"date":"2018-09-24T00:00:00","date_gmt":"2018-09-23T23:00:00","guid":{"rendered":"http:\/\/intelsius.com\/product\/orca-m-4l\/"},"modified":"2025-02-14T14:28:41","modified_gmt":"2025-02-14T14:28:41","slug":"orca-m-4l","status":"publish","type":"product","link":"https:\/\/intelsius.com\/de\/product\/orca-m-4l\/","title":{"rendered":"ORCA M 4L"},"content":{"rendered":"<p>ORCA M ist eine Serie von besonders leistungsf\u00e4higen, passiven Mehrwegverpackungen f\u00fcr den Transport von temperaturkritischen Waren. Das innovative Design der ORCA M gew\u00e4hrleistet die Einhaltung von Temperaturvorgaben und reduziert gleichzeitig den Platzbedarf und das Volumengewicht der Verpackung, was zu niedrigeren Versandkosten f\u00fchrt.<\/p>\n<p>ORCA M ist nach ISTA 7D qualifiziert und bietet mindestens 96 Stunden Temperaturstabilit\u00e4t auch bei extremsten Au\u00dfentemperaturen. Die ORCA M-Serie verwendet fortschrittliche Intelsius PCM Latentw\u00e4rmespeicher in Verbindung mit Vakuumisolierung, die im Vergleich zu wasserbasierten Systemen eine erhebliche Leistungssteigerung bieten und Temperaturabweichungen extrem zuverl\u00e4ssig verhindern.<\/p>\n<p>Das ORCA M 4L-System ist f\u00fcr Waren bis 4,5 Liter Volumen ausgelegt und wiegt nur 7,8 kg, was es ideal f\u00fcr den einfachen, sicheren und kosteng\u00fcnstigen Transport von kleinen temperaturkritischen Waren mac<\/p>\n","protected":false},"excerpt":{"rendered":"<p>ORCA M ist eine Serie von besonders leistungsf\u00e4higen, passiven Mehrwegverpackungen f\u00fcr den Transport von temperaturkritischen Waren. Das innovative Design der ORCA M gew\u00e4hrleistet die Einhaltung von Temperaturvorgaben und reduziert gleichzeitig den Platzbedarf und das Volumengewicht der Verpackung, was zu niedrigeren Versandkosten f\u00fchrt. ORCA M ist nach ISTA 7D qualifiziert und bietet mindestens 96 Stunden Temperaturstabilit\u00e4t &hellip; <a href=\"https:\/\/intelsius.com\/de\/product\/orca-m-4l\/\">Continued<\/a><\/p>\n","protected":false},"featured_media":689,"comment_status":"closed","ping_status":"closed","template":"","meta":{"_acf_changed":false},"product_brand":[],"product_cat":[101,135,44],"product_tag":[],"class_list":{"0":"post-688","1":"product","2":"type-product","3":"status-publish","4":"has-post-thumbnail","6":"product_cat-orca-m","7":"product_cat-paketversender","8":"product_cat-temperaturgefuhrte-verpackungen","9":"pa_dauer-96-studen","10":"pa_marke-orca-m","11":"pa_marktsektor-bluttransport","12":"pa_marktsektor-laboratorien","13":"pa_marktsektor-logistik","14":"pa_marktsektor-pharmazeutische","15":"pa_marktsektor-lebensmitteltests","16":"pa_nutzlastvolumen-0-10l","17":"pa_temperaturbereich-20c","18":"pa_temperaturbereich-15c-25c","19":"pa_temperaturbereich-2c-8c","20":"pa_versandkonfiguration-full-pallet-24-single-units","21":"pa_versandkonfiguration-single-unit","22":"pa_verwendung-vielseitig-einsetzbar","23":"pa_volumetrisches-gewicht-0-6kg","24":"pa_vorkonditioniert-ja","25":"pa_vorkonditioniert-nein","27":"first","28":"instock","29":"taxable","30":"shipping-taxable","31":"purchasable","32":"product-type-variable"},"group_of_quantity":0,"min_quantity":0,"max_quantity":"","exclude_order_quantity_value_rules":"no","exclude_category_quantity_rules":"no","combine_variations":"no","acf":[],"_links":{"self":[{"href":"https:\/\/intelsius.com\/de\/wp-json\/wp\/v2\/product\/688","targetHints":{"allow":["GET"]}}],"collection":[{"href":"https:\/\/intelsius.com\/de\/wp-json\/wp\/v2\/product"}],"about":[{"href":"https:\/\/intelsius.com\/de\/wp-json\/wp\/v2\/types\/product"}],"replies":[{"embeddable":true,"href":"https:\/\/intelsius.com\/de\/wp-json\/wp\/v2\/comments?post=688"}],"wp:featuredmedia":[{"embeddable":true,"href":"https:\/\/intelsius.com\/de\/wp-json\/wp\/v2\/media\/689"}],"wp:attachment":[{"href":"https:\/\/intelsius.com\/de\/wp-json\/wp\/v2\/media?parent=688"}],"wp:term":[{"taxonomy":"product_brand","embeddable":true,"href":"https:\/\/intelsius.com\/de\/wp-json\/wp\/v2\/product_brand?post=688"},{"taxonomy":"product_cat","embeddable":true,"href":"https:\/\/intelsius.com\/de\/wp-json\/wp\/v2\/product_cat?post=688"},{"taxonomy":"product_tag","embeddable":true,"href":"https:\/\/intelsius.com\/de\/wp-json\/wp\/v2\/product_tag?post=688"}],"curies":[{"name":"wp","href":"https:\/\/api.w.org\/{rel}","templated":true}]}}