{"id":637,"date":"2018-09-04T00:00:00","date_gmt":"2018-09-03T23:00:00","guid":{"rendered":"http:\/\/intelsius.com\/product\/biotherm-5-di\/"},"modified":"2025-02-14T14:44:25","modified_gmt":"2025-02-14T14:44:25","slug":"biotherm-5-di","status":"publish","type":"product","link":"https:\/\/intelsius.com\/de\/product\/biotherm-5-di\/","title":{"rendered":"BioTherm 5 DI"},"content":{"rendered":"<p>Das BioTherm 5 System ist qualifiziert, die Intigrit\u00e4t von biologischen Proben f\u00fcr bis zu 48 Stunden sicherzustellen. Hierf\u00fcr reichen bereits 3,5 kg Trockeneispellets als K\u00fchlmittel aus. Jedes System ist mit Griffen ausgestattet und bereits ab Werk mit der vorgeschriebenen Kennzeichnung versehen und erm\u00f6glicht so eine einfache, sichere und vorschriftsm\u00e4ssige Handhabung der Proben.<\/p>\n","protected":false},"excerpt":{"rendered":"<p>Das BioTherm 5 System ist qualifiziert, die Intigrit\u00e4t von biologischen Proben f\u00fcr bis zu 48 Stunden sicherzustellen. Hierf\u00fcr reichen bereits 3,5 kg Trockeneispellets als K\u00fchlmittel aus. Jedes System ist mit Griffen ausgestattet und bereits ab Werk mit der vorgeschriebenen Kennzeichnung versehen und erm\u00f6glicht so eine einfache, sichere und vorschriftsm\u00e4ssige Handhabung der Proben.<\/p>\n","protected":false},"featured_media":638,"comment_status":"closed","ping_status":"closed","template":"","meta":{"_acf_changed":false},"product_brand":[],"product_cat":[96,55],"product_tag":[],"class_list":{"0":"post-637","1":"product","2":"type-product","3":"status-publish","4":"has-post-thumbnail","6":"product_cat-biotherm-di","7":"product_cat-probentransport","8":"pa_marke-biotherm","9":"pa_marktsektor-laboratorien","10":"pa_marktsektor-logistik","11":"pa_marktsektor-pharmazeutische","12":"pa_marktsektor-krankheitsbekampfung","13":"pa_marktsektor-lebensmitteltests","14":"pa_probentyp-category-b","15":"pa_probentyp-temperaturkontrollierte-probe","16":"pa_stichprobenumfang-1-10l-volumen","17":"pa_trockeneiszugabe-ja","18":"pa_trockeneiszugabe-nein","20":"first","21":"instock","22":"taxable","23":"shipping-taxable","24":"purchasable","25":"product-type-variable"},"group_of_quantity":0,"min_quantity":0,"max_quantity":"","exclude_order_quantity_value_rules":"no","exclude_category_quantity_rules":"no","combine_variations":"no","acf":[],"_links":{"self":[{"href":"https:\/\/intelsius.com\/de\/wp-json\/wp\/v2\/product\/637","targetHints":{"allow":["GET"]}}],"collection":[{"href":"https:\/\/intelsius.com\/de\/wp-json\/wp\/v2\/product"}],"about":[{"href":"https:\/\/intelsius.com\/de\/wp-json\/wp\/v2\/types\/product"}],"replies":[{"embeddable":true,"href":"https:\/\/intelsius.com\/de\/wp-json\/wp\/v2\/comments?post=637"}],"wp:featuredmedia":[{"embeddable":true,"href":"https:\/\/intelsius.com\/de\/wp-json\/wp\/v2\/media\/638"}],"wp:attachment":[{"href":"https:\/\/intelsius.com\/de\/wp-json\/wp\/v2\/media?parent=637"}],"wp:term":[{"taxonomy":"product_brand","embeddable":true,"href":"https:\/\/intelsius.com\/de\/wp-json\/wp\/v2\/product_brand?post=637"},{"taxonomy":"product_cat","embeddable":true,"href":"https:\/\/intelsius.com\/de\/wp-json\/wp\/v2\/product_cat?post=637"},{"taxonomy":"product_tag","embeddable":true,"href":"https:\/\/intelsius.com\/de\/wp-json\/wp\/v2\/product_tag?post=637"}],"curies":[{"name":"wp","href":"https:\/\/api.w.org\/{rel}","templated":true}]}}