{"id":621,"date":"2018-09-04T00:00:00","date_gmt":"2018-09-03T23:00:00","guid":{"rendered":"http:\/\/intelsius.com\/product\/pharmatherm-80-di\/"},"modified":"2025-02-20T10:29:36","modified_gmt":"2025-02-20T10:29:36","slug":"pharmatherm-80-di","status":"publish","type":"product","link":"https:\/\/intelsius.com\/de\/product\/pharmatherm-80-di\/","title":{"rendered":"PharmaTherm 80 DI"},"content":{"rendered":"<p>Die PharmaTherm Dry-Ice Serie wurde entwickelt, um einen optimalen Schutz vor Temperaturschwankungen beim Transport von pharmazeutischen Produkten im Tiefk\u00fchlbereich zu gew\u00e4hrleisten.<\/p>\n<p>Die PharmaTherm Dry-Ice Serie ist qualifiziert, die Innentemperatur f\u00fcr mindestens 48 und bis zu 120 Stunden zu gew\u00e4hrleisten und somit auch den Versand auf sehr anspruchsvollen Versandwegen zu erm\u00f6glichen.<\/p>\n<p>Intelsius bietet dar\u00fcber hinaus einen Fulfilment-Service f\u00fcr PharmaTherm Dry-Ice an. Hierbei werden die Verpackungsysteme bereits mit Trockeneis best\u00fcckt angeliefert und k\u00f6nnen sofort eingesetzt werden.<\/p>\n<p>&nbsp;<\/p>\n<p><a href=\"https:\/\/intelsius.com\/wp-content\/uploads\/sites\/5\/2019\/06\/PharmaTherm-Dry-Ice-Range-V5.pdf\"><span class=\"btn btn--dark-blue\">Produktblatt herunterladen<\/span><\/a><\/p>\n","protected":false},"excerpt":{"rendered":"<p>Die PharmaTherm Dry-Ice Serie wurde entwickelt, um einen optimalen Schutz vor Temperaturschwankungen beim Transport von pharmazeutischen Produkten im Tiefk\u00fchlbereich zu gew\u00e4hrleisten. Die PharmaTherm Dry-Ice Serie ist qualifiziert, die Innentemperatur f\u00fcr mindestens 48 und bis zu 120 Stunden zu gew\u00e4hrleisten und somit auch den Versand auf sehr anspruchsvollen Versandwegen zu erm\u00f6glichen. Intelsius bietet dar\u00fcber hinaus einen &hellip; <a href=\"https:\/\/intelsius.com\/de\/product\/pharmatherm-80-di\/\">Continued<\/a><\/p>\n","protected":false},"featured_media":515,"comment_status":"closed","ping_status":"closed","template":"","meta":{"_acf_changed":false},"product_brand":[],"product_cat":[95,44],"product_tag":[],"class_list":{"0":"post-621","1":"product","2":"type-product","3":"status-publish","4":"has-post-thumbnail","6":"product_cat-pharmatherm-di","7":"product_cat-temperaturgefuhrte-verpackungen","8":"pa_dauer-96-studen","9":"pa_marke-pharmatherm-di","10":"pa_marktsektor-laboratorien","11":"pa_marktsektor-logistik","12":"pa_marktsektor-pharmazeutische","13":"pa_nutzlastvolumen-30l","14":"pa_temperaturbereich-trockeneis","15":"pa_trockeneiszugabe-ja","16":"pa_trockeneiszugabe-nein","17":"pa_verwendung-einmalgebrauch","18":"pa_volumetrisches-gewicht-18kg","20":"first","21":"instock","22":"taxable","23":"shipping-taxable","24":"purchasable","25":"product-type-variable"},"group_of_quantity":0,"min_quantity":0,"max_quantity":"","exclude_order_quantity_value_rules":"no","exclude_category_quantity_rules":"no","combine_variations":"no","acf":[],"_links":{"self":[{"href":"https:\/\/intelsius.com\/de\/wp-json\/wp\/v2\/product\/621","targetHints":{"allow":["GET"]}}],"collection":[{"href":"https:\/\/intelsius.com\/de\/wp-json\/wp\/v2\/product"}],"about":[{"href":"https:\/\/intelsius.com\/de\/wp-json\/wp\/v2\/types\/product"}],"replies":[{"embeddable":true,"href":"https:\/\/intelsius.com\/de\/wp-json\/wp\/v2\/comments?post=621"}],"wp:featuredmedia":[{"embeddable":true,"href":"https:\/\/intelsius.com\/de\/wp-json\/wp\/v2\/media\/515"}],"wp:attachment":[{"href":"https:\/\/intelsius.com\/de\/wp-json\/wp\/v2\/media?parent=621"}],"wp:term":[{"taxonomy":"product_brand","embeddable":true,"href":"https:\/\/intelsius.com\/de\/wp-json\/wp\/v2\/product_brand?post=621"},{"taxonomy":"product_cat","embeddable":true,"href":"https:\/\/intelsius.com\/de\/wp-json\/wp\/v2\/product_cat?post=621"},{"taxonomy":"product_tag","embeddable":true,"href":"https:\/\/intelsius.com\/de\/wp-json\/wp\/v2\/product_tag?post=621"}],"curies":[{"name":"wp","href":"https:\/\/api.w.org\/{rel}","templated":true}]}}