{"id":585,"date":"2018-08-24T00:00:00","date_gmt":"2018-08-23T23:00:00","guid":{"rendered":"http:\/\/intelsius.com\/product\/biotherm-30\/"},"modified":"2025-02-18T11:22:37","modified_gmt":"2025-02-18T11:22:37","slug":"biotherm-30","status":"publish","type":"product","link":"https:\/\/intelsius.com\/de\/product\/biotherm-30\/","title":{"rendered":"BioTherm 30"},"content":{"rendered":"<p>Die BioTherm Hochleistungsverpackungen f\u00fcr die Temperaturbereiche 2-8\u00b0C und 15-25\u00b0C erf\u00fcllen alle Transportvorschriften nach IATA, ADR und DOT (49 CFR) f\u00fcr den Transport von biologischen Materialien.<\/p>\n<p>Die Systeme sind qualifiziert, um die Probenintegrit\u00e4t f\u00fcr bis zu 96 Stunden in den Temperaturbereichen 2-8\u00b0C und 15-25\u00b0C zu gew\u00e4hrleisten. Jedes System ist mit Griffen ausgestattet und bereits ab Werk mit der vorgeschriebenen Kennzeichnung versehen und erm\u00f6glicht so eine einfache, sichere und vorschriftsm\u00e4ssige Handhabung der Proben.<\/p>\n<p>&nbsp;<\/p>\n<p><a href=\"https:\/\/intelsius.com\/wp-content\/uploads\/sites\/5\/2021\/05\/BioTherm-Range-2-8-15-25-ST-v5.pdf\"><span class=\"btn btn--dark-blue\">Produktblatt herunterladen<\/span><\/a><\/p>\n<p>&nbsp;<\/p>\n","protected":false},"excerpt":{"rendered":"<p>Die BioTherm Hochleistungsverpackungen f\u00fcr die Temperaturbereiche 2-8\u00b0C und 15-25\u00b0C erf\u00fcllen alle Transportvorschriften nach IATA, ADR und DOT (49 CFR) f\u00fcr den Transport von biologischen Materialien. Die Systeme sind qualifiziert, um die Probenintegrit\u00e4t f\u00fcr bis zu 96 Stunden in den Temperaturbereichen 2-8\u00b0C und 15-25\u00b0C zu gew\u00e4hrleisten. Jedes System ist mit Griffen ausgestattet und bereits ab Werk &hellip; <a href=\"https:\/\/intelsius.com\/de\/product\/biotherm-30\/\">Continued<\/a><\/p>\n","protected":false},"featured_media":586,"comment_status":"closed","ping_status":"closed","template":"","meta":{"_acf_changed":false},"product_brand":[],"product_cat":[56,55,44],"product_tag":[],"class_list":{"0":"post-585","1":"product","2":"type-product","3":"status-publish","4":"has-post-thumbnail","6":"product_cat-biotherm","7":"product_cat-probentransport","8":"product_cat-temperaturgefuhrte-verpackungen","9":"pa_marke-biotherm","10":"pa_marktsektor-laboratorien","11":"pa_marktsektor-logistik","12":"pa_marktsektor-pharmazeutische","13":"pa_marktsektor-krankheitsbekampfung","14":"pa_marktsektor-lebensmitteltests","15":"pa_nutzlastvolumen-30l","16":"pa_probentyp-category-b","17":"pa_probentyp-temperaturkontrollierte-probe","18":"pa_saison-paket-out-n-a","19":"pa_saison-paket-out-sommer-system","20":"pa_saison-paket-out-winter-system","21":"pa_stichprobenumfang-grose-proben","22":"pa_temperaturbereich-15c-25c","23":"pa_temperaturbereich-2c-8c","24":"pa_versandkonfiguration-full-pallet-24-single-units","25":"pa_versandkonfiguration-single-unit","26":"pa_vorkonditioniert-ja","27":"pa_vorkonditioniert-nein","29":"first","30":"instock","31":"taxable","32":"shipping-taxable","33":"purchasable","34":"product-type-variable"},"group_of_quantity":0,"min_quantity":0,"max_quantity":"","exclude_order_quantity_value_rules":"no","exclude_category_quantity_rules":"no","combine_variations":"no","acf":[],"_links":{"self":[{"href":"https:\/\/intelsius.com\/de\/wp-json\/wp\/v2\/product\/585","targetHints":{"allow":["GET"]}}],"collection":[{"href":"https:\/\/intelsius.com\/de\/wp-json\/wp\/v2\/product"}],"about":[{"href":"https:\/\/intelsius.com\/de\/wp-json\/wp\/v2\/types\/product"}],"replies":[{"embeddable":true,"href":"https:\/\/intelsius.com\/de\/wp-json\/wp\/v2\/comments?post=585"}],"wp:featuredmedia":[{"embeddable":true,"href":"https:\/\/intelsius.com\/de\/wp-json\/wp\/v2\/media\/586"}],"wp:attachment":[{"href":"https:\/\/intelsius.com\/de\/wp-json\/wp\/v2\/media?parent=585"}],"wp:term":[{"taxonomy":"product_brand","embeddable":true,"href":"https:\/\/intelsius.com\/de\/wp-json\/wp\/v2\/product_brand?post=585"},{"taxonomy":"product_cat","embeddable":true,"href":"https:\/\/intelsius.com\/de\/wp-json\/wp\/v2\/product_cat?post=585"},{"taxonomy":"product_tag","embeddable":true,"href":"https:\/\/intelsius.com\/de\/wp-json\/wp\/v2\/product_tag?post=585"}],"curies":[{"name":"wp","href":"https:\/\/api.w.org\/{rel}","templated":true}]}}