{"id":548,"date":"2018-08-05T00:00:00","date_gmt":"2018-08-04T23:00:00","guid":{"rendered":"http:\/\/intelsius.com\/product\/pathoshield-3-pack-of-30\/"},"modified":"2025-02-20T10:34:11","modified_gmt":"2025-02-20T10:34:11","slug":"pathoshield-3-pack-of-30","status":"publish","type":"product","link":"https:\/\/intelsius.com\/de\/product\/pathoshield-3-pack-of-30\/","title":{"rendered":"PathoShield 3 (Pack of 30)"},"content":{"rendered":"<p>Die PathoShield-Produktreihe ist eine Komplettl\u00f6sung, die f\u00fcr den Transport einer Vielzahl verschiedener Prim\u00e4rbeh\u00e4lter wie Probenr\u00f6hrchen, Tupfer und anderer Prim\u00e4rbeh\u00e4lter entwickelt wurde. Jedes System ist mit den erforderlichen Kennzeichnungen versehen und enth\u00e4lt alle relevanten Komponenten f\u00fcr den Versand von bioligischen Proben gem\u00e4\u00df den Transportvorschriften.<\/p>\n<p>Das PathoShield 3 hat eine Au\u00dfenabmessung von 191mm x 145mm x 102mm und kann bei Verwendung mit einem Intelsius PathoPouch-Produkt sechs R\u00f6hrchen pro Verpackungsl\u00f6sung transportieren.<\/p>\n<p><a href=\"https:\/\/intelsius.com\/wp-content\/uploads\/2018\/08\/170818-PathoShield-ST-v3-lowres.pdf\"><span class=\"btn btn--dark-blue\">Produktblatt herunterladen<\/span><\/a><\/p>\n","protected":false},"excerpt":{"rendered":"<p>Die PathoShield-Produktreihe ist eine Komplettl\u00f6sung, die f\u00fcr den Transport einer Vielzahl verschiedener Prim\u00e4rbeh\u00e4lter wie Probenr\u00f6hrchen, Tupfer und anderer Prim\u00e4rbeh\u00e4lter entwickelt wurde. Jedes System ist mit den erforderlichen Kennzeichnungen versehen und enth\u00e4lt alle relevanten Komponenten f\u00fcr den Versand von bioligischen Proben gem\u00e4\u00df den Transportvorschriften. Das PathoShield 3 hat eine Au\u00dfenabmessung von 191mm x 145mm x 102mm &hellip; <a href=\"https:\/\/intelsius.com\/de\/product\/pathoshield-3-pack-of-30\/\">Continued<\/a><\/p>\n","protected":false},"featured_media":549,"comment_status":"closed","ping_status":"closed","template":"","meta":{"_acf_changed":false},"product_brand":[],"product_cat":[89,55],"product_tag":[],"class_list":{"0":"post-548","1":"product","2":"type-product","3":"status-publish","4":"has-post-thumbnail","6":"product_cat-pathoshield","7":"product_cat-probentransport","8":"pa_beutelart-pathopouch","9":"pa_beutelart-pathoseal","10":"pa_marke-pathoshield","11":"pa_marktsektor-laboratorien","12":"pa_marktsektor-logistik","13":"pa_marktsektor-klinische-studien","14":"pa_marktsektor-krankheitsbekampfung","15":"pa_probentyp-category-b","16":"pa_probentyp-postalisches-set","17":"pa_stichprobenumfang-reagenzglaser","19":"first","20":"instock","21":"taxable","22":"shipping-taxable","23":"purchasable","24":"product-type-variable"},"group_of_quantity":0,"min_quantity":0,"max_quantity":"","exclude_order_quantity_value_rules":"no","exclude_category_quantity_rules":"no","combine_variations":"no","acf":[],"_links":{"self":[{"href":"https:\/\/intelsius.com\/de\/wp-json\/wp\/v2\/product\/548","targetHints":{"allow":["GET"]}}],"collection":[{"href":"https:\/\/intelsius.com\/de\/wp-json\/wp\/v2\/product"}],"about":[{"href":"https:\/\/intelsius.com\/de\/wp-json\/wp\/v2\/types\/product"}],"replies":[{"embeddable":true,"href":"https:\/\/intelsius.com\/de\/wp-json\/wp\/v2\/comments?post=548"}],"wp:featuredmedia":[{"embeddable":true,"href":"https:\/\/intelsius.com\/de\/wp-json\/wp\/v2\/media\/549"}],"wp:attachment":[{"href":"https:\/\/intelsius.com\/de\/wp-json\/wp\/v2\/media?parent=548"}],"wp:term":[{"taxonomy":"product_brand","embeddable":true,"href":"https:\/\/intelsius.com\/de\/wp-json\/wp\/v2\/product_brand?post=548"},{"taxonomy":"product_cat","embeddable":true,"href":"https:\/\/intelsius.com\/de\/wp-json\/wp\/v2\/product_cat?post=548"},{"taxonomy":"product_tag","embeddable":true,"href":"https:\/\/intelsius.com\/de\/wp-json\/wp\/v2\/product_tag?post=548"}],"curies":[{"name":"wp","href":"https:\/\/api.w.org\/{rel}","templated":true}]}}