{"id":546,"date":"2018-08-05T00:00:00","date_gmt":"2018-08-04T23:00:00","guid":{"rendered":"http:\/\/intelsius.com\/product\/pathopak-3l-box-of-10\/"},"modified":"2025-02-20T10:43:42","modified_gmt":"2025-02-20T10:43:42","slug":"pathopak-3l-box-of-10","status":"publish","type":"product","link":"https:\/\/intelsius.com\/de\/product\/pathopak-3l-box-of-10\/","title":{"rendered":"PathoPak 3L (Box of 10)"},"content":{"rendered":"<p>Das PathoPak 3L ist ein sehr stabiler, langlebige und wiederverwendbarer Sekund\u00e4rbeh\u00e4lter, der die Transportbestimmungen der UN-Klasse 6.2 f\u00fcr infekti\u00f6se Substanzen der Kategorien A und B erf\u00fcllt.<\/p>\n<p>Au\u00dfenma\u00dfe: &#8211; 160mm x 160mm x 280mm<br \/>\nInnenma\u00dfe: &#8211; 125mm x 255mm<br \/>\nInnenvolumen- 3L<br \/>\nGewicht &#8211; 0,6KG<\/p>\n<p>Der Intelsius 3L PathoPak wird in Einheiten zu 10 St\u00fcck geliefert.<\/p>\n<p><a href=\"https:\/\/intelsius.com\/wp-content\/uploads\/sites\/5\/2019\/06\/PathoPak-V5.pdf\"><span class=\"btn btn--dark-blue\">Produktblatt herunterladen<\/span><\/a><\/p>\n","protected":false},"excerpt":{"rendered":"<p>Das PathoPak 3L ist ein sehr stabiler, langlebige und wiederverwendbarer Sekund\u00e4rbeh\u00e4lter, der die Transportbestimmungen der UN-Klasse 6.2 f\u00fcr infekti\u00f6se Substanzen der Kategorien A und B erf\u00fcllt. Au\u00dfenma\u00dfe: &#8211; 160mm x 160mm x 280mm Innenma\u00dfe: &#8211; 125mm x 255mm Innenvolumen- 3L Gewicht &#8211; 0,6KG Der Intelsius 3L PathoPak wird in Einheiten zu 10 St\u00fcck geliefert. Produktblatt &hellip; <a href=\"https:\/\/intelsius.com\/de\/product\/pathopak-3l-box-of-10\/\">Continued<\/a><\/p>\n","protected":false},"featured_media":547,"comment_status":"closed","ping_status":"closed","template":"","meta":{"_acf_changed":false},"product_brand":[],"product_cat":[130,61,55],"product_tag":[],"class_list":{"0":"post-546","1":"product","2":"type-product","3":"status-publish","4":"has-post-thumbnail","6":"product_cat-coronavirus","7":"product_cat-pathopak","8":"product_cat-probentransport","9":"pa_marke-pathopak","10":"pa_marktsektor-klinische-studien","11":"pa_marktsektor-krankheitsbekampfung","12":"pa_probentyp-category-a","13":"pa_probentyp-category-b","14":"pa_stichprobenumfang-1-10l-volumen","15":"pa_stichprobenumfang-reagenzglaser","17":"first","18":"instock","19":"taxable","20":"shipping-taxable","21":"purchasable","22":"product-type-simple"},"group_of_quantity":0,"min_quantity":0,"max_quantity":"","exclude_order_quantity_value_rules":"no","exclude_category_quantity_rules":"no","combine_variations":"no","acf":[],"_links":{"self":[{"href":"https:\/\/intelsius.com\/de\/wp-json\/wp\/v2\/product\/546","targetHints":{"allow":["GET"]}}],"collection":[{"href":"https:\/\/intelsius.com\/de\/wp-json\/wp\/v2\/product"}],"about":[{"href":"https:\/\/intelsius.com\/de\/wp-json\/wp\/v2\/types\/product"}],"replies":[{"embeddable":true,"href":"https:\/\/intelsius.com\/de\/wp-json\/wp\/v2\/comments?post=546"}],"wp:featuredmedia":[{"embeddable":true,"href":"https:\/\/intelsius.com\/de\/wp-json\/wp\/v2\/media\/547"}],"wp:attachment":[{"href":"https:\/\/intelsius.com\/de\/wp-json\/wp\/v2\/media?parent=546"}],"wp:term":[{"taxonomy":"product_brand","embeddable":true,"href":"https:\/\/intelsius.com\/de\/wp-json\/wp\/v2\/product_brand?post=546"},{"taxonomy":"product_cat","embeddable":true,"href":"https:\/\/intelsius.com\/de\/wp-json\/wp\/v2\/product_cat?post=546"},{"taxonomy":"product_tag","embeddable":true,"href":"https:\/\/intelsius.com\/de\/wp-json\/wp\/v2\/product_tag?post=546"}],"curies":[{"name":"wp","href":"https:\/\/api.w.org\/{rel}","templated":true}]}}