{"id":525,"date":"2018-08-05T00:00:00","date_gmt":"2018-08-04T23:00:00","guid":{"rendered":"http:\/\/intelsius.com\/product\/pharmatherm-pallet-375\/"},"modified":"2025-02-20T10:47:52","modified_gmt":"2025-02-20T10:47:52","slug":"pharmatherm-pallet-375","status":"publish","type":"product","link":"https:\/\/intelsius.com\/de\/product\/pharmatherm-pallet-375\/","title":{"rendered":"PharmaTherm Pallet 375"},"content":{"rendered":"<p>Die PharmaTherm Palettensysteme wurden f\u00fcr den temperaturgef\u00fchrten Versand in Palettengr\u00f6\u00dfe entwickelt.<\/p>\n<p>Die PharmaTherm Palettensysteme bieten eine robuste L\u00f6sung f\u00fcr den regionalen und internationalen Versand rund ums Jahr. Mit L\u00f6sungen f\u00fcr alle Flugzeuggr\u00f6\u00dfen, bieten die PharmaTherm Palettensysteme eine L\u00f6sung, die an alle Bestimmungsorte verschickt werden kann.<\/p>\n<p>&nbsp;<\/p>\n<p><a href=\"https:\/\/intelsius.com\/wp-content\/uploads\/sites\/5\/2019\/06\/PharmaTherm-Pallet-V8-1.pdf\"><span class=\"btn btn--dark-blue\">Produktblatt herunterladen<\/span><\/a><\/p>\n","protected":false},"excerpt":{"rendered":"<p>Die PharmaTherm Palettensysteme wurden f\u00fcr den temperaturgef\u00fchrten Versand in Palettengr\u00f6\u00dfe entwickelt. Die PharmaTherm Palettensysteme bieten eine robuste L\u00f6sung f\u00fcr den regionalen und internationalen Versand rund ums Jahr. Mit L\u00f6sungen f\u00fcr alle Flugzeuggr\u00f6\u00dfen, bieten die PharmaTherm Palettensysteme eine L\u00f6sung, die an alle Bestimmungsorte verschickt werden kann. &nbsp; Produktblatt herunterladen<\/p>\n","protected":false},"featured_media":526,"comment_status":"closed","ping_status":"closed","template":"","meta":{"_acf_changed":false},"product_brand":[],"product_cat":[134,79,44],"product_tag":[],"class_list":{"0":"post-525","1":"product","2":"type-product","3":"status-publish","4":"has-post-thumbnail","6":"product_cat-palettenverlader","7":"product_cat-pharmatherm-pallet","8":"product_cat-temperaturgefuhrte-verpackungen","9":"pa_dauer-96-studen","10":"pa_marke-pharmatherm-pallet","11":"pa_marktsektor-laboratorien","12":"pa_marktsektor-logistik","13":"pa_marktsektor-pharmazeutische","14":"pa_nutzlastvolumen-30l","15":"pa_saison-paket-out-n-a","16":"pa_saison-paket-out-sommer-system","17":"pa_saison-paket-out-winter-system","18":"pa_temperaturbereich-15c-25c","19":"pa_temperaturbereich-2c-8c","20":"pa_temperaturbereich-trockeneis","21":"pa_verwendung-einmalgebrauch","22":"pa_volumetrisches-gewicht-18kg","24":"first","25":"instock","26":"taxable","27":"shipping-taxable","28":"purchasable","29":"product-type-variable"},"group_of_quantity":0,"min_quantity":0,"max_quantity":"","exclude_order_quantity_value_rules":"no","exclude_category_quantity_rules":"no","combine_variations":"no","acf":[],"_links":{"self":[{"href":"https:\/\/intelsius.com\/de\/wp-json\/wp\/v2\/product\/525","targetHints":{"allow":["GET"]}}],"collection":[{"href":"https:\/\/intelsius.com\/de\/wp-json\/wp\/v2\/product"}],"about":[{"href":"https:\/\/intelsius.com\/de\/wp-json\/wp\/v2\/types\/product"}],"replies":[{"embeddable":true,"href":"https:\/\/intelsius.com\/de\/wp-json\/wp\/v2\/comments?post=525"}],"wp:featuredmedia":[{"embeddable":true,"href":"https:\/\/intelsius.com\/de\/wp-json\/wp\/v2\/media\/526"}],"wp:attachment":[{"href":"https:\/\/intelsius.com\/de\/wp-json\/wp\/v2\/media?parent=525"}],"wp:term":[{"taxonomy":"product_brand","embeddable":true,"href":"https:\/\/intelsius.com\/de\/wp-json\/wp\/v2\/product_brand?post=525"},{"taxonomy":"product_cat","embeddable":true,"href":"https:\/\/intelsius.com\/de\/wp-json\/wp\/v2\/product_cat?post=525"},{"taxonomy":"product_tag","embeddable":true,"href":"https:\/\/intelsius.com\/de\/wp-json\/wp\/v2\/product_tag?post=525"}],"curies":[{"name":"wp","href":"https:\/\/api.w.org\/{rel}","templated":true}]}}