{"id":503,"date":"2018-08-05T00:00:00","date_gmt":"2018-08-04T23:00:00","guid":{"rendered":"http:\/\/intelsius.com\/product\/pharmatherm-30\/"},"modified":"2026-04-15T13:54:51","modified_gmt":"2026-04-15T12:54:51","slug":"pharmatherm-30","status":"publish","type":"product","link":"https:\/\/intelsius.com\/de\/product\/pharmatherm-30\/","title":{"rendered":"PharmaTherm 30"},"content":{"rendered":"<p>Die PharmaTherm-Serie wurde entwickelt, um einen optimalen Schutz vor Temperaturschwankungen beim Transport von pharmazeutischen Produkten zu bieten. Die PharmaTherm Serie ist qualifiziert, die Innentemperatur f\u00fcr bis zu 96 Stunden zu gew\u00e4hrleisten um auch den Versand auf sehr anspruchsvollen Versandwegen zu erm\u00f6glichen.<\/p>\n<p>&nbsp;<\/p>\n<p><a href=\"https:\/\/intelsius.com\/wp-content\/uploads\/2022\/09\/PharmaTherm-Range-DE.pdf\"><span class=\"btn btn--dark-blue\">Produktblatt herunterladen<\/span><\/a><\/p>\n","protected":false},"excerpt":{"rendered":"<p>Die PharmaTherm-Serie wurde entwickelt, um einen optimalen Schutz vor Temperaturschwankungen beim Transport von pharmazeutischen Produkten zu bieten. Die PharmaTherm Serie ist qualifiziert, die Innentemperatur f\u00fcr bis zu 96 Stunden zu gew\u00e4hrleisten um auch den Versand auf sehr anspruchsvollen Versandwegen zu erm\u00f6glichen. &nbsp; Produktblatt herunterladen<\/p>\n","protected":false},"featured_media":504,"comment_status":"closed","ping_status":"closed","template":"","meta":{"_acf_changed":false},"product_brand":[],"product_cat":[135,70,44],"product_tag":[],"class_list":{"0":"post-503","1":"product","2":"type-product","3":"status-publish","4":"has-post-thumbnail","6":"product_cat-paketversender","7":"product_cat-pharmatherm","8":"product_cat-temperaturgefuhrte-verpackungen","9":"pa_dauer-96-studen","10":"pa_marke-pharmatherm","11":"pa_marktsektor-laboratorien","12":"pa_marktsektor-logistik","13":"pa_marktsektor-pharmazeutische","14":"pa_marktsektor-lebensmitteltests","15":"pa_saison-paket-out-n-a","16":"pa_saison-paket-out-sommer-system","17":"pa_saison-paket-out-winter-system","18":"pa_temperaturbereich-15c-25c","19":"pa_temperaturbereich-2c-8c","20":"pa_versandkonfiguration-full-pallet-24-single-units","21":"pa_versandkonfiguration-single-unit","22":"pa_verwendung-einmalgebrauch","23":"pa_volumetrisches-gewicht-12-18kg","25":"first","26":"instock","27":"taxable","28":"shipping-taxable","29":"purchasable","30":"product-type-variable"},"group_of_quantity":0,"min_quantity":0,"max_quantity":"","exclude_order_quantity_value_rules":"no","exclude_category_quantity_rules":"no","combine_variations":"no","acf":[],"_links":{"self":[{"href":"https:\/\/intelsius.com\/de\/wp-json\/wp\/v2\/product\/503","targetHints":{"allow":["GET"]}}],"collection":[{"href":"https:\/\/intelsius.com\/de\/wp-json\/wp\/v2\/product"}],"about":[{"href":"https:\/\/intelsius.com\/de\/wp-json\/wp\/v2\/types\/product"}],"replies":[{"embeddable":true,"href":"https:\/\/intelsius.com\/de\/wp-json\/wp\/v2\/comments?post=503"}],"wp:featuredmedia":[{"embeddable":true,"href":"https:\/\/intelsius.com\/de\/wp-json\/wp\/v2\/media\/504"}],"wp:attachment":[{"href":"https:\/\/intelsius.com\/de\/wp-json\/wp\/v2\/media?parent=503"}],"wp:term":[{"taxonomy":"product_brand","embeddable":true,"href":"https:\/\/intelsius.com\/de\/wp-json\/wp\/v2\/product_brand?post=503"},{"taxonomy":"product_cat","embeddable":true,"href":"https:\/\/intelsius.com\/de\/wp-json\/wp\/v2\/product_cat?post=503"},{"taxonomy":"product_tag","embeddable":true,"href":"https:\/\/intelsius.com\/de\/wp-json\/wp\/v2\/product_tag?post=503"}],"curies":[{"name":"wp","href":"https:\/\/api.w.org\/{rel}","templated":true}]}}