{"id":497,"date":"2018-08-05T00:00:00","date_gmt":"2018-08-04T23:00:00","guid":{"rendered":"http:\/\/intelsius.com\/product\/pharmatherm-15\/"},"modified":"2026-04-15T13:53:39","modified_gmt":"2026-04-15T12:53:39","slug":"pharmatherm-15","status":"publish","type":"product","link":"https:\/\/intelsius.com\/de\/product\/pharmatherm-15\/","title":{"rendered":"PharmaTherm 15"},"content":{"rendered":"<p>Die PharmaTherm-Serie wurde entwickelt, um einen optimalen Schutz vor Temperaturschwankungen beim Transport von pharmazeutischen Produkten zu bieten. Die PharmaTherm Serie ist qualifiziert, die Innentemperatur f\u00fcr bis zu 96 Stunden zu gew\u00e4hrleisten um auch den Versand auf sehr anspruchsvollen Versandwegen zu erm\u00f6glichen.<\/p>\n<p>Der PharmaTherm 15 kann Waren mit Abmessungen bis 225 x 145 x 160 mm und mindestens 96 Stunden transportieren.<\/p>\n<p>&nbsp;<\/p>\n<p><a href=\"https:\/\/intelsius.com\/wp-content\/uploads\/2022\/09\/PharmaTherm-Range-DE.pdf\"><span class=\"btn btn--dark-blue\">Product Sheet<\/span><\/a><\/p>\n","protected":false},"excerpt":{"rendered":"<p>Die PharmaTherm-Serie wurde entwickelt, um einen optimalen Schutz vor Temperaturschwankungen beim Transport von pharmazeutischen Produkten zu bieten. Die PharmaTherm Serie ist qualifiziert, die Innentemperatur f\u00fcr bis zu 96 Stunden zu gew\u00e4hrleisten um auch den Versand auf sehr anspruchsvollen Versandwegen zu erm\u00f6glichen. Der PharmaTherm 15 kann Waren mit Abmessungen bis 225 x 145 x 160 mm &hellip; <a href=\"https:\/\/intelsius.com\/de\/product\/pharmatherm-15\/\">Continued<\/a><\/p>\n","protected":false},"featured_media":498,"comment_status":"closed","ping_status":"closed","template":"","meta":{"_acf_changed":false},"product_brand":[],"product_cat":[135,70,44],"product_tag":[],"class_list":{"0":"post-497","1":"product","2":"type-product","3":"status-publish","4":"has-post-thumbnail","6":"product_cat-paketversender","7":"product_cat-pharmatherm","8":"product_cat-temperaturgefuhrte-verpackungen","9":"pa_dauer-96-studen","10":"pa_marke-pharmatherm","11":"pa_marktsektor-laboratorien","12":"pa_marktsektor-logistik","13":"pa_marktsektor-pharmazeutische","14":"pa_marktsektor-lebensmitteltests","15":"pa_temperaturbereich-15c-25c","16":"pa_temperaturbereich-2c-8c","17":"pa_versandkonfiguration-full-pallet-24-single-units","18":"pa_versandkonfiguration-single-unit","19":"pa_verwendung-einmalgebrauch","20":"pa_volumetrisches-gewicht-6-12kg","22":"first","23":"instock","24":"taxable","25":"shipping-taxable","26":"purchasable","27":"product-type-variable"},"group_of_quantity":0,"min_quantity":0,"max_quantity":"","exclude_order_quantity_value_rules":"no","exclude_category_quantity_rules":"no","combine_variations":"no","acf":[],"_links":{"self":[{"href":"https:\/\/intelsius.com\/de\/wp-json\/wp\/v2\/product\/497","targetHints":{"allow":["GET"]}}],"collection":[{"href":"https:\/\/intelsius.com\/de\/wp-json\/wp\/v2\/product"}],"about":[{"href":"https:\/\/intelsius.com\/de\/wp-json\/wp\/v2\/types\/product"}],"replies":[{"embeddable":true,"href":"https:\/\/intelsius.com\/de\/wp-json\/wp\/v2\/comments?post=497"}],"wp:featuredmedia":[{"embeddable":true,"href":"https:\/\/intelsius.com\/de\/wp-json\/wp\/v2\/media\/498"}],"wp:attachment":[{"href":"https:\/\/intelsius.com\/de\/wp-json\/wp\/v2\/media?parent=497"}],"wp:term":[{"taxonomy":"product_brand","embeddable":true,"href":"https:\/\/intelsius.com\/de\/wp-json\/wp\/v2\/product_brand?post=497"},{"taxonomy":"product_cat","embeddable":true,"href":"https:\/\/intelsius.com\/de\/wp-json\/wp\/v2\/product_cat?post=497"},{"taxonomy":"product_tag","embeddable":true,"href":"https:\/\/intelsius.com\/de\/wp-json\/wp\/v2\/product_tag?post=497"}],"curies":[{"name":"wp","href":"https:\/\/api.w.org\/{rel}","templated":true}]}}