{"id":492,"date":"2018-08-05T00:00:00","date_gmt":"2018-08-04T23:00:00","guid":{"rendered":"http:\/\/intelsius.com\/product\/pharmatherm-10\/"},"modified":"2026-04-15T13:53:11","modified_gmt":"2026-04-15T12:53:11","slug":"pharmatherm-10","status":"publish","type":"product","link":"https:\/\/intelsius.com\/de\/product\/pharmatherm-10\/","title":{"rendered":"PharmaTherm 10"},"content":{"rendered":"<p>Die PharmaTherm-Serie wurde entwickelt, um einen optimalen Schutz vor Temperaturschwankungen beim Transport von pharmazeutischen Produkten zu bieten. Die PharmaTherm Serie ist qualifiziert, die Innentemperatur f\u00fcr bis zu 96 Stunden zu gew\u00e4hrleisten um auch den Versand auf sehr anspruchsvollen Versandwegen zu erm\u00f6glichen.<\/p>\n<p>Die PharmaTherm 10 bietet eine Mindestlaufzeit von 48 Stunden f\u00fcr Waren die im Temperaturbereich zwischen 2\u00b0C und 8\u00b0C transporttiert werden und eine Mindestlaufzeit von 60 Stunden f\u00fcr Waren die zwischen 15\u00b0C und 25\u00b0C transportiert werden m\u00fcssen. F\u00fcr l\u00e4ngere Laufzeiten kann die Intelsius PharmaTherm 15 Ihre Waren f\u00fcr mindestens 96 Stunden sch\u00fctzen.<\/p>\n<p>&nbsp;<\/p>\n<p><a href=\"https:\/\/intelsius.com\/wp-content\/uploads\/2022\/09\/PharmaTherm-Range-DE.pdf\"><span class=\"btn btn--dark-blue\">Product Sheet<\/span><\/a><\/p>\n","protected":false},"excerpt":{"rendered":"<p>Die PharmaTherm-Serie wurde entwickelt, um einen optimalen Schutz vor Temperaturschwankungen beim Transport von pharmazeutischen Produkten zu bieten. Die PharmaTherm Serie ist qualifiziert, die Innentemperatur f\u00fcr bis zu 96 Stunden zu gew\u00e4hrleisten um auch den Versand auf sehr anspruchsvollen Versandwegen zu erm\u00f6glichen. Die PharmaTherm 10 bietet eine Mindestlaufzeit von 48 Stunden f\u00fcr Waren die im Temperaturbereich &hellip; <a href=\"https:\/\/intelsius.com\/de\/product\/pharmatherm-10\/\">Continued<\/a><\/p>\n","protected":false},"featured_media":493,"comment_status":"closed","ping_status":"closed","template":"","meta":{"_acf_changed":false},"product_brand":[],"product_cat":[135,70,44],"product_tag":[],"class_list":{"0":"post-492","1":"product","2":"type-product","3":"status-publish","4":"has-post-thumbnail","6":"product_cat-paketversender","7":"product_cat-pharmatherm","8":"product_cat-temperaturgefuhrte-verpackungen","9":"pa_dauer-72-stunden","10":"pa_marke-pharmatherm","11":"pa_marktsektor-laboratorien","12":"pa_marktsektor-logistik","13":"pa_marktsektor-pharmazeutische","14":"pa_marktsektor-lebensmitteltests","15":"pa_temperaturbereich-15c-25c","16":"pa_temperaturbereich-2c-8c","17":"pa_versandkonfiguration-single-unit","18":"pa_versandkonfiguration-full-pallet-40-single-units","19":"pa_verwendung-einmalgebrauch","20":"pa_volumetrisches-gewicht-0-6kg","22":"first","23":"instock","24":"taxable","25":"shipping-taxable","26":"purchasable","27":"product-type-variable"},"group_of_quantity":0,"min_quantity":0,"max_quantity":"","exclude_order_quantity_value_rules":"no","exclude_category_quantity_rules":"no","combine_variations":"no","acf":[],"_links":{"self":[{"href":"https:\/\/intelsius.com\/de\/wp-json\/wp\/v2\/product\/492","targetHints":{"allow":["GET"]}}],"collection":[{"href":"https:\/\/intelsius.com\/de\/wp-json\/wp\/v2\/product"}],"about":[{"href":"https:\/\/intelsius.com\/de\/wp-json\/wp\/v2\/types\/product"}],"replies":[{"embeddable":true,"href":"https:\/\/intelsius.com\/de\/wp-json\/wp\/v2\/comments?post=492"}],"wp:featuredmedia":[{"embeddable":true,"href":"https:\/\/intelsius.com\/de\/wp-json\/wp\/v2\/media\/493"}],"wp:attachment":[{"href":"https:\/\/intelsius.com\/de\/wp-json\/wp\/v2\/media?parent=492"}],"wp:term":[{"taxonomy":"product_brand","embeddable":true,"href":"https:\/\/intelsius.com\/de\/wp-json\/wp\/v2\/product_brand?post=492"},{"taxonomy":"product_cat","embeddable":true,"href":"https:\/\/intelsius.com\/de\/wp-json\/wp\/v2\/product_cat?post=492"},{"taxonomy":"product_tag","embeddable":true,"href":"https:\/\/intelsius.com\/de\/wp-json\/wp\/v2\/product_tag?post=492"}],"curies":[{"name":"wp","href":"https:\/\/api.w.org\/{rel}","templated":true}]}}