{"id":474,"date":"2018-07-27T00:00:00","date_gmt":"2018-07-26T23:00:00","guid":{"rendered":"http:\/\/intelsius.com\/product\/orca-s-11l\/"},"modified":"2025-02-14T14:51:21","modified_gmt":"2025-02-14T14:51:21","slug":"orca-s-11l","status":"publish","type":"product","link":"https:\/\/intelsius.com\/de\/product\/orca-s-11l\/","title":{"rendered":"ORCA S 11L"},"content":{"rendered":"<p>ORCA S ist eine leistungsstarke Serie von passiven Einwegverpackungsl\u00f6sungen, die einen hervorragenden Schutz f\u00fcr hochwertige, temperaturempfindliche Waren in den Temperaturbereichen 2-8\u00b0C und 15-25\u00b0C bietet.<\/p>\n<p>Die ORCA S-Serie ist ideal f\u00fcr Einwegtransporte und verwendet die gleiche fortschrittliche VIP\/PCM Technologie wie unsere ORCA M Mehrwegsysteme, wodurch ein unschlagbares Verh\u00e4ltnis von Leistung zu Volumengewicht f\u00fcr Einwegsysteme erreicht wird.<\/p>\n<p>ORCA Einwegl\u00f6sungen bieten bis zu 96 Stunden Temperaturstabilit\u00e4t gegen extreme Hitze und K\u00e4lte.<\/p>\n<p>Universelle ORCA S Verpackungskonfigurationen senken Kosten, reduzieren Anwendungsfehler und erh\u00f6hen die Effizienz.<\/p>\n<p>ORCA S ist ein robustes Einwegsystem, das im Vergleich zu herk\u00f6mmlichen EPS- und wasserbasierten Systemen eine deutliche Reduzierung des Volumengewichts bietet, was zu niedrigeren Gesamtkosten f\u00fchrt und besonders f\u00fcr hochwertige Einzelsendungen und Einwegtransporte geeignet ist. Kontaktieren Sie Intelsius noch heute, um zu besprechen, wie ORCA S Ihre Kosten senken und zeitgleich die Temperaturstabilit\u00e4t Ihrer Sendungen steigern kann.<\/p>\n","protected":false},"excerpt":{"rendered":"<p>ORCA S ist eine leistungsstarke Serie von passiven Einwegverpackungsl\u00f6sungen, die einen hervorragenden Schutz f\u00fcr hochwertige, temperaturempfindliche Waren in den Temperaturbereichen 2-8\u00b0C und 15-25\u00b0C bietet. Die ORCA S-Serie ist ideal f\u00fcr Einwegtransporte und verwendet die gleiche fortschrittliche VIP\/PCM Technologie wie unsere ORCA M Mehrwegsysteme, wodurch ein unschlagbares Verh\u00e4ltnis von Leistung zu Volumengewicht f\u00fcr Einwegsysteme erreicht wird. &hellip; <a href=\"https:\/\/intelsius.com\/de\/product\/orca-s-11l\/\">Continued<\/a><\/p>\n","protected":false},"featured_media":475,"comment_status":"closed","ping_status":"closed","template":"","meta":{"_acf_changed":false},"product_brand":[],"product_cat":[66,135,44],"product_tag":[],"class_list":{"0":"post-474","1":"product","2":"type-product","3":"status-publish","4":"has-post-thumbnail","6":"product_cat-orca-s","7":"product_cat-paketversender","8":"product_cat-temperaturgefuhrte-verpackungen","9":"pa_marke-orca-s","10":"pa_marktsektor-bluttransport","11":"pa_marktsektor-laboratorien","12":"pa_marktsektor-logistik","13":"pa_marktsektor-pharmazeutische","14":"pa_nutzlastvolumen-10-20l","15":"pa_temperaturbereich-15c-25c","16":"pa_temperaturbereich-2c-8c","17":"pa_versandkonfiguration-full-pallet-24-single-units","18":"pa_versandkonfiguration-single-unit","19":"pa_verwendung-einmalgebrauch","20":"pa_volumetrisches-gewicht-6-12kg","21":"pa_vorkonditioniert-ja","22":"pa_vorkonditioniert-nein","24":"first","25":"instock","26":"taxable","27":"shipping-taxable","28":"purchasable","29":"product-type-variable"},"group_of_quantity":0,"min_quantity":0,"max_quantity":"","exclude_order_quantity_value_rules":"no","exclude_category_quantity_rules":"no","combine_variations":"no","acf":[],"_links":{"self":[{"href":"https:\/\/intelsius.com\/de\/wp-json\/wp\/v2\/product\/474","targetHints":{"allow":["GET"]}}],"collection":[{"href":"https:\/\/intelsius.com\/de\/wp-json\/wp\/v2\/product"}],"about":[{"href":"https:\/\/intelsius.com\/de\/wp-json\/wp\/v2\/types\/product"}],"replies":[{"embeddable":true,"href":"https:\/\/intelsius.com\/de\/wp-json\/wp\/v2\/comments?post=474"}],"wp:featuredmedia":[{"embeddable":true,"href":"https:\/\/intelsius.com\/de\/wp-json\/wp\/v2\/media\/475"}],"wp:attachment":[{"href":"https:\/\/intelsius.com\/de\/wp-json\/wp\/v2\/media?parent=474"}],"wp:term":[{"taxonomy":"product_brand","embeddable":true,"href":"https:\/\/intelsius.com\/de\/wp-json\/wp\/v2\/product_brand?post=474"},{"taxonomy":"product_cat","embeddable":true,"href":"https:\/\/intelsius.com\/de\/wp-json\/wp\/v2\/product_cat?post=474"},{"taxonomy":"product_tag","embeddable":true,"href":"https:\/\/intelsius.com\/de\/wp-json\/wp\/v2\/product_tag?post=474"}],"curies":[{"name":"wp","href":"https:\/\/api.w.org\/{rel}","templated":true}]}}