{"id":446,"date":"2018-07-13T00:00:00","date_gmt":"2018-07-12T23:00:00","guid":{"rendered":"http:\/\/intelsius.com\/product\/biotherm-10\/"},"modified":"2025-02-18T10:44:38","modified_gmt":"2025-02-18T10:44:38","slug":"biotherm-10","status":"publish","type":"product","link":"https:\/\/intelsius.com\/de\/product\/biotherm-10\/","title":{"rendered":"BioTherm 10"},"content":{"rendered":"<p>Die BioTherm Hochleistungsverpackungen f\u00fcr die Temperaturbereiche 2-8\u00b0C und 15-25\u00b0C erf\u00fcllen alle Transportvorschriften nach IATA, ADR und DOT (49 CFR) f\u00fcr den Transport von biologischen Materialien.<\/p>\n<p>Die PharmaTherm 10 bietet eine Mindestlaufzeit von 48 Stunden f\u00fcr Waren die im Temperaturbereich zwischen 2\u00b0C und 8\u00b0C transporttiert werden und eine Mindestlaufzeit von 60 Stunden f\u00fcr Waren die zwischen 15\u00b0C und 25\u00b0C transportiert werden m\u00fcssen. Jedes System ist mit Griffen ausgestattet und bereits ab Werk mit der vorgeschriebenen Kennzeichnung versehen und erm\u00f6glicht so eine einfache, sichere und vorschriftsm\u00e4ssige Handhabung der Proben.<\/p>\n<p>&nbsp;<\/p>\n<p><a href=\"https:\/\/intelsius.com\/wp-content\/uploads\/sites\/5\/2019\/06\/BioTherm-Range-2-8-15-25-V5.pdf\"><span class=\"btn btn--dark-blue\">Download product Sheet<\/span><\/a><\/p>\n","protected":false},"excerpt":{"rendered":"<p>Die BioTherm Hochleistungsverpackungen f\u00fcr die Temperaturbereiche 2-8\u00b0C und 15-25\u00b0C erf\u00fcllen alle Transportvorschriften nach IATA, ADR und DOT (49 CFR) f\u00fcr den Transport von biologischen Materialien. Die PharmaTherm 10 bietet eine Mindestlaufzeit von 48 Stunden f\u00fcr Waren die im Temperaturbereich zwischen 2\u00b0C und 8\u00b0C transporttiert werden und eine Mindestlaufzeit von 60 Stunden f\u00fcr Waren die zwischen &hellip; <a href=\"https:\/\/intelsius.com\/de\/product\/biotherm-10\/\">Continued<\/a><\/p>\n","protected":false},"featured_media":447,"comment_status":"closed","ping_status":"closed","template":"","meta":{"_acf_changed":false},"product_brand":[],"product_cat":[56,55,44],"product_tag":[],"class_list":{"0":"post-446","1":"product","2":"type-product","3":"status-publish","4":"has-post-thumbnail","6":"product_cat-biotherm","7":"product_cat-probentransport","8":"product_cat-temperaturgefuhrte-verpackungen","9":"pa_marke-biotherm","10":"pa_marktsektor-laboratorien","11":"pa_marktsektor-logistik","12":"pa_marktsektor-pharmazeutische","13":"pa_marktsektor-krankheitsbekampfung","14":"pa_marktsektor-lebensmitteltests","15":"pa_nutzlastvolumen-0-10l","16":"pa_probentyp-category-b","17":"pa_probentyp-temperaturkontrollierte-probe","18":"pa_stichprobenumfang-1-10l-volumen","19":"pa_temperaturbereich-15c-25c","20":"pa_temperaturbereich-2c-8c","21":"pa_versandkonfiguration-single-unit","22":"pa_versandkonfiguration-full-pallet-40-single-units","23":"pa_vorkonditioniert-nein","25":"first","26":"instock","27":"taxable","28":"shipping-taxable","29":"purchasable","30":"product-type-variable"},"group_of_quantity":0,"min_quantity":0,"max_quantity":"","exclude_order_quantity_value_rules":"no","exclude_category_quantity_rules":"no","combine_variations":"no","acf":[],"_links":{"self":[{"href":"https:\/\/intelsius.com\/de\/wp-json\/wp\/v2\/product\/446","targetHints":{"allow":["GET"]}}],"collection":[{"href":"https:\/\/intelsius.com\/de\/wp-json\/wp\/v2\/product"}],"about":[{"href":"https:\/\/intelsius.com\/de\/wp-json\/wp\/v2\/types\/product"}],"replies":[{"embeddable":true,"href":"https:\/\/intelsius.com\/de\/wp-json\/wp\/v2\/comments?post=446"}],"wp:featuredmedia":[{"embeddable":true,"href":"https:\/\/intelsius.com\/de\/wp-json\/wp\/v2\/media\/447"}],"wp:attachment":[{"href":"https:\/\/intelsius.com\/de\/wp-json\/wp\/v2\/media?parent=446"}],"wp:term":[{"taxonomy":"product_brand","embeddable":true,"href":"https:\/\/intelsius.com\/de\/wp-json\/wp\/v2\/product_brand?post=446"},{"taxonomy":"product_cat","embeddable":true,"href":"https:\/\/intelsius.com\/de\/wp-json\/wp\/v2\/product_cat?post=446"},{"taxonomy":"product_tag","embeddable":true,"href":"https:\/\/intelsius.com\/de\/wp-json\/wp\/v2\/product_tag?post=446"}],"curies":[{"name":"wp","href":"https:\/\/api.w.org\/{rel}","templated":true}]}}