{"id":12157,"date":"2025-02-20T14:42:00","date_gmt":"2025-02-20T14:42:00","guid":{"rendered":"https:\/\/intelsius.com\/de\/?post_type=product&#038;p=12157"},"modified":"2025-03-19T12:48:47","modified_gmt":"2025-03-19T12:48:47","slug":"greentherm-14-trockeneis","status":"publish","type":"product","link":"https:\/\/intelsius.com\/de\/product\/greentherm-14-trockeneis\/","title":{"rendered":"GreenTherm 14 Trockeneis"},"content":{"rendered":"<p>GreenTherm von Intelsius ist eine zu 100 % recycelbare, leistungsstarke Einwegpalette von UN3373-konformen Paketversandverpackungen der Kategorie B f\u00fcr den Transport temperaturempfindlicher Ladungen.<\/p>\n<p>GreenTherm ist in drei Gr\u00f6\u00dfen erh\u00e4ltlich: 7L, 14L und 23L. Die Verpackungen sind nach den anspruchsvollen ISTA 7D-Profilen getestet und halten die Temperatur bis zu 96+ Stunden unter -20\u00b0C. Die temperaturkontrollierten GreenTherm-Verpackungen bieten eine hervorragende K\u00fchlkette und reduzieren gleichzeitig Ihren CO2-Fu\u00dfabdruck erheblich.<\/p>\n<p><span class=\"btn btn--dark-blue\"><a href=\"https:\/\/intelsius.com\/wp-content\/uploads\/2024\/04\/GreenTherm-Product-Sheet_10.04.24-v2.pdf\">Produktdatenblatt herunterladen<\/a><\/span><\/p>\n","protected":false},"excerpt":{"rendered":"<p>GreenTherm von Intelsius ist eine zu 100 % recycelbare, leistungsstarke Einwegpalette von UN3373-konformen Paketversandverpackungen der Kategorie B f\u00fcr den Transport temperaturempfindlicher Ladungen. GreenTherm ist in drei Gr\u00f6\u00dfen erh\u00e4ltlich: 7L, 14L und 23L. Die Verpackungen sind nach den anspruchsvollen ISTA 7D-Profilen getestet und halten die Temperatur bis zu 96+ Stunden unter -20\u00b0C. Die temperaturkontrollierten GreenTherm-Verpackungen bieten &hellip; <a href=\"https:\/\/intelsius.com\/de\/product\/greentherm-14-trockeneis\/\">Continued<\/a><\/p>\n","protected":false},"featured_media":11877,"comment_status":"open","ping_status":"closed","template":"","meta":{"_acf_changed":false},"product_brand":[],"product_cat":[55,44,143,139,140],"product_tag":[],"class_list":{"0":"post-12157","1":"product","2":"type-product","3":"status-publish","4":"has-post-thumbnail","6":"product_cat-probentransport","7":"product_cat-temperaturgefuhrte-verpackungen","8":"product_cat-temperaturgesteuerter-probentransport","9":"product_cat-trockeneis-loesungen","10":"product_cat-un3373-verpackung","11":"pa_probentyp-category-b","12":"pa_temperaturbereich-trockeneis","13":"pa_vorkonditioniert-ja","14":"pa_vorkonditioniert-nein","16":"first","17":"instock","18":"taxable","19":"shipping-taxable","20":"purchasable","21":"product-type-variable"},"group_of_quantity":0,"min_quantity":0,"max_quantity":"","exclude_order_quantity_value_rules":"no","exclude_category_quantity_rules":"no","combine_variations":"no","acf":[],"_links":{"self":[{"href":"https:\/\/intelsius.com\/de\/wp-json\/wp\/v2\/product\/12157","targetHints":{"allow":["GET"]}}],"collection":[{"href":"https:\/\/intelsius.com\/de\/wp-json\/wp\/v2\/product"}],"about":[{"href":"https:\/\/intelsius.com\/de\/wp-json\/wp\/v2\/types\/product"}],"replies":[{"embeddable":true,"href":"https:\/\/intelsius.com\/de\/wp-json\/wp\/v2\/comments?post=12157"}],"wp:featuredmedia":[{"embeddable":true,"href":"https:\/\/intelsius.com\/de\/wp-json\/wp\/v2\/media\/11877"}],"wp:attachment":[{"href":"https:\/\/intelsius.com\/de\/wp-json\/wp\/v2\/media?parent=12157"}],"wp:term":[{"taxonomy":"product_brand","embeddable":true,"href":"https:\/\/intelsius.com\/de\/wp-json\/wp\/v2\/product_brand?post=12157"},{"taxonomy":"product_cat","embeddable":true,"href":"https:\/\/intelsius.com\/de\/wp-json\/wp\/v2\/product_cat?post=12157"},{"taxonomy":"product_tag","embeddable":true,"href":"https:\/\/intelsius.com\/de\/wp-json\/wp\/v2\/product_tag?post=12157"}],"curies":[{"name":"wp","href":"https:\/\/api.w.org\/{rel}","templated":true}]}}