{"id":11929,"date":"2024-06-17T10:15:08","date_gmt":"2024-06-17T09:15:08","guid":{"rendered":"https:\/\/intelsius.com\/de\/?post_type=product&#038;p=11929"},"modified":"2025-02-14T14:08:14","modified_gmt":"2025-02-14T14:08:14","slug":"orca-pallet-255l","status":"publish","type":"product","link":"https:\/\/intelsius.com\/de\/product\/orca-pallet-255l\/","title":{"rendered":"ORCA Pallet 255L"},"content":{"rendered":"<p>ORCA Pallet ist ein faltbarer, mehrfach verwendbarer, hochleistungsf\u00e4higer Versender in Palettengr\u00f6\u00dfe, der Ihnen eine kosteneffiziente und nachhaltige L\u00f6sung f\u00fcr den Transport gro\u00dfer Mengen pharmazeutischer G\u00fcter bietet. Die ORCA-Palette ist gem\u00e4\u00df den ISTA 7D-Temperaturprofilen qualifiziert und verwendet dieselbe vakuumisolierte Platte und fortschrittliche Phasenwechselmaterialtechnologie wie unsere breitere ORCA-Palette. Die ORCA-Palette unterscheidet sich von anderen Systemen in Palettengr\u00f6\u00dfe durch ihr einzigartiges Design, das es Ihnen erm\u00f6glicht, die Verpackung schnell und einfach zusammenzulegen und wieder zusammenzusetzen, so dass sie einfach und kosteng\u00fcnstig gelagert, transportiert und wiederverwendet werden kann.<\/p>\n<p>Wesentliche Merkmale:<\/p>\n<ul>\n<li>Starre Au\u00dfenpalette mit sicherem Deckel<\/li>\n<li>Lieferung mit mehreren Nutzlastkartons f\u00fcr einfaches Beladen<\/li>\n<li>120+ Stunden Schutz<\/li>\n<li>Bis zu 25 % geringere Gr\u00f6\u00dfe im zusammengeklappten Zustand f\u00fcr geringere Lager- und Transportkosten<\/li>\n<li>Leicht zu montieren und zu demontieren<\/li>\n<li>Vielseitig verwendbare und aufbereitbare L\u00f6sung<\/li>\n<li>Zur Miete und zum Kauf erh\u00e4ltlich<\/li>\n<\/ul>\n<p><a href=\"https:\/\/intelsius.com\/wp-content\/uploads\/sites\/5\/2023\/09\/ORCA-Pallet-DE.pdf\">Produktblatt<\/a><\/p>\n","protected":false},"excerpt":{"rendered":"<p>ORCA Pallet ist ein faltbarer, mehrfach verwendbarer, hochleistungsf\u00e4higer Versender in Palettengr\u00f6\u00dfe, der Ihnen eine kosteneffiziente und nachhaltige L\u00f6sung f\u00fcr den Transport gro\u00dfer Mengen pharmazeutischer G\u00fcter bietet. Die ORCA-Palette ist gem\u00e4\u00df den ISTA 7D-Temperaturprofilen qualifiziert und verwendet dieselbe vakuumisolierte Platte und fortschrittliche Phasenwechselmaterialtechnologie wie unsere breitere ORCA-Palette. Die ORCA-Palette unterscheidet sich von anderen Systemen in Palettengr\u00f6\u00dfe &hellip; <a href=\"https:\/\/intelsius.com\/de\/product\/orca-pallet-255l\/\">Continued<\/a><\/p>\n","protected":false},"featured_media":11911,"comment_status":"open","ping_status":"closed","template":"","meta":{"_acf_changed":false},"product_brand":[],"product_cat":[134,44],"product_tag":[],"class_list":{"0":"post-11929","1":"product","2":"type-product","3":"status-publish","4":"has-post-thumbnail","6":"product_cat-palettenverlader","7":"product_cat-temperaturgefuhrte-verpackungen","8":"pa_dauer-120-struden","9":"pa_marke-orca-pallet","10":"pa_marktsektor-logistik","11":"pa_marktsektor-pharmazeutische","12":"pa_nutzlastvolumen-255l","13":"pa_temperaturbereich-15c-25c","14":"pa_temperaturbereich-2c-8c","15":"pa_temperaturbereich-15c-25c-2","16":"pa_versandkonfiguration-single-unit","17":"pa_verwendung-vielseitig-einsetzbar","18":"pa_volumetrisches-gewicht-139-6kg","19":"pa_vorkonditioniert-ja","20":"pa_vorkonditioniert-nein","22":"first","23":"instock","24":"taxable","25":"shipping-taxable","26":"purchasable","27":"product-type-variable"},"group_of_quantity":0,"min_quantity":0,"max_quantity":"","exclude_order_quantity_value_rules":"no","exclude_category_quantity_rules":"no","combine_variations":"no","acf":[],"_links":{"self":[{"href":"https:\/\/intelsius.com\/de\/wp-json\/wp\/v2\/product\/11929","targetHints":{"allow":["GET"]}}],"collection":[{"href":"https:\/\/intelsius.com\/de\/wp-json\/wp\/v2\/product"}],"about":[{"href":"https:\/\/intelsius.com\/de\/wp-json\/wp\/v2\/types\/product"}],"replies":[{"embeddable":true,"href":"https:\/\/intelsius.com\/de\/wp-json\/wp\/v2\/comments?post=11929"}],"wp:featuredmedia":[{"embeddable":true,"href":"https:\/\/intelsius.com\/de\/wp-json\/wp\/v2\/media\/11911"}],"wp:attachment":[{"href":"https:\/\/intelsius.com\/de\/wp-json\/wp\/v2\/media?parent=11929"}],"wp:term":[{"taxonomy":"product_brand","embeddable":true,"href":"https:\/\/intelsius.com\/de\/wp-json\/wp\/v2\/product_brand?post=11929"},{"taxonomy":"product_cat","embeddable":true,"href":"https:\/\/intelsius.com\/de\/wp-json\/wp\/v2\/product_cat?post=11929"},{"taxonomy":"product_tag","embeddable":true,"href":"https:\/\/intelsius.com\/de\/wp-json\/wp\/v2\/product_tag?post=11929"}],"curies":[{"name":"wp","href":"https:\/\/api.w.org\/{rel}","templated":true}]}}