{"id":11753,"date":"2023-09-28T13:59:10","date_gmt":"2023-09-28T12:59:10","guid":{"rendered":"https:\/\/intelsius.com\/de\/?post_type=product&#038;p=11753"},"modified":"2025-02-14T14:17:44","modified_gmt":"2025-02-14T14:17:44","slug":"palletguard-2","status":"publish","type":"product","link":"https:\/\/intelsius.com\/de\/product\/palletguard-2\/","title":{"rendered":"PalletGuard+"},"content":{"rendered":"<p>PalletGuard+ kombiniert unsere leistungsstarken PalletGuard-Palettenabdeckungen mit konditionierten Wassermatten f\u00fcr einen h\u00f6heren W\u00e4rmeschutz. PalletGuard+ ist ideal f\u00fcr Paletten mit geringem Gewicht, da die zus\u00e4tzliche Masse der Wassermatten die W\u00e4rme\u00fcbertragung von der Ladung deutlich reduziert.<\/p>\n<p>Diese Verringerung der W\u00e4rme\u00fcbertragung in Kombination mit den isolierenden Eigenschaften von PalletGuard bietet den Anwendern leistungsstarke Palettenabdeckungen, die f\u00fcr den kurzfristigen Prim\u00e4rschutz von Nutzlasten, die bei 2-8 \u00b0C gehalten werden m\u00fcssen, oder f\u00fcr den Langzeitschutz bei Sendungen mit kontrollierter Raumtemperatur konzipiert sind.<\/p>\n<p>&#8211; Doppellagiger W\u00e4rmeschutz in Kombination mit zus\u00e4tzlichen Wassermattenschichten bieten maximale Leistung<br \/>\n&#8211; Einfache Entsorgung der Wasserm\u00e4ntel<br \/>\n&#8211; Bietet prim\u00e4ren oder sekund\u00e4ren Schutz vor hei\u00dfen und kalten Temperaturen<\/p>\n<p><a href=\"https:\/\/intelsius.com\/wp-content\/uploads\/sites\/5\/2023\/09\/PalletGuard-Product-Sheet-v1.4.pdf\"><span class=\"btn btn--dark-blue\">Produktblatt<\/span><\/a><\/p>\n","protected":false},"excerpt":{"rendered":"<p>PalletGuard+ kombiniert unsere leistungsstarken PalletGuard-Palettenabdeckungen mit konditionierten Wassermatten f\u00fcr einen h\u00f6heren W\u00e4rmeschutz. PalletGuard+ ist ideal f\u00fcr Paletten mit geringem Gewicht, da die zus\u00e4tzliche Masse der Wassermatten die W\u00e4rme\u00fcbertragung von der Ladung deutlich reduziert. Diese Verringerung der W\u00e4rme\u00fcbertragung in Kombination mit den isolierenden Eigenschaften von PalletGuard bietet den Anwendern leistungsstarke Palettenabdeckungen, die f\u00fcr den kurzfristigen Prim\u00e4rschutz &hellip; <a href=\"https:\/\/intelsius.com\/de\/product\/palletguard-2\/\">Continued<\/a><\/p>\n","protected":false},"featured_media":11742,"comment_status":"open","ping_status":"closed","template":"","meta":{"_acf_changed":false},"product_brand":[],"product_cat":[44],"product_tag":[],"class_list":{"0":"post-11753","1":"product","2":"type-product","3":"status-publish","4":"has-post-thumbnail","6":"product_cat-temperaturgefuhrte-verpackungen","8":"first","9":"instock","10":"taxable","11":"shipping-taxable","12":"purchasable","13":"product-type-variable"},"group_of_quantity":0,"min_quantity":0,"max_quantity":"","exclude_order_quantity_value_rules":"no","exclude_category_quantity_rules":"no","combine_variations":"no","acf":[],"_links":{"self":[{"href":"https:\/\/intelsius.com\/de\/wp-json\/wp\/v2\/product\/11753","targetHints":{"allow":["GET"]}}],"collection":[{"href":"https:\/\/intelsius.com\/de\/wp-json\/wp\/v2\/product"}],"about":[{"href":"https:\/\/intelsius.com\/de\/wp-json\/wp\/v2\/types\/product"}],"replies":[{"embeddable":true,"href":"https:\/\/intelsius.com\/de\/wp-json\/wp\/v2\/comments?post=11753"}],"wp:featuredmedia":[{"embeddable":true,"href":"https:\/\/intelsius.com\/de\/wp-json\/wp\/v2\/media\/11742"}],"wp:attachment":[{"href":"https:\/\/intelsius.com\/de\/wp-json\/wp\/v2\/media?parent=11753"}],"wp:term":[{"taxonomy":"product_brand","embeddable":true,"href":"https:\/\/intelsius.com\/de\/wp-json\/wp\/v2\/product_brand?post=11753"},{"taxonomy":"product_cat","embeddable":true,"href":"https:\/\/intelsius.com\/de\/wp-json\/wp\/v2\/product_cat?post=11753"},{"taxonomy":"product_tag","embeddable":true,"href":"https:\/\/intelsius.com\/de\/wp-json\/wp\/v2\/product_tag?post=11753"}],"curies":[{"name":"wp","href":"https:\/\/api.w.org\/{rel}","templated":true}]}}