{"id":11744,"date":"2023-09-28T13:44:49","date_gmt":"2023-09-28T12:44:49","guid":{"rendered":"https:\/\/intelsius.com\/de\/?post_type=product&#038;p=11744"},"modified":"2025-02-14T14:20:00","modified_gmt":"2025-02-14T14:20:00","slug":"palletguard","status":"publish","type":"product","link":"https:\/\/intelsius.com\/de\/product\/palletguard\/","title":{"rendered":"PalletGuard"},"content":{"rendered":"<p>PalletGuard ist eine haltbare, doppellagige Palettenabdeckung, die einen erheblichen W\u00e4rmeschutz f\u00fcr Ihre Ladung bietet. PalletGuard besteht aus einer doppelten Schicht hochwertiger Isohood-Isolierfolie und Luftpolsterfolie und ist eine ideale L\u00f6sung f\u00fcr die Aufrechterhaltung der Temperatur von Paletten an kritischen Punkten in der K\u00fchlkette.<\/p>\n<p>-Doppellagiger W\u00e4rmeschutz durch Luftpolsterfolie mit beidseitiger Isolierfolienauskleidung<br \/>\n&#8211; Prim\u00e4rer Schutz f\u00fcr CRT-Lieferungen<br \/>\n&#8211; Sekund\u00e4rer Schutz, um die Leistung von passiven Palettenversendern zu erh\u00f6hen.<\/p>\n<p><span class=\"btn btn--dark-blue\"><a href=\"https:\/\/intelsius.com\/wp-content\/uploads\/sites\/5\/2023\/09\/PalletGuard-Product-Sheet-v1.4.pdf\">Produktblatt<\/a><\/span><\/p>\n","protected":false},"excerpt":{"rendered":"<p>PalletGuard ist eine haltbare, doppellagige Palettenabdeckung, die einen erheblichen W\u00e4rmeschutz f\u00fcr Ihre Ladung bietet. PalletGuard besteht aus einer doppelten Schicht hochwertiger Isohood-Isolierfolie und Luftpolsterfolie und ist eine ideale L\u00f6sung f\u00fcr die Aufrechterhaltung der Temperatur von Paletten an kritischen Punkten in der K\u00fchlkette. -Doppellagiger W\u00e4rmeschutz durch Luftpolsterfolie mit beidseitiger Isolierfolienauskleidung &#8211; Prim\u00e4rer Schutz f\u00fcr CRT-Lieferungen &#8211; &hellip; <a href=\"https:\/\/intelsius.com\/de\/product\/palletguard\/\">Continued<\/a><\/p>\n","protected":false},"featured_media":11741,"comment_status":"open","ping_status":"closed","template":"","meta":{"_acf_changed":false},"product_brand":[],"product_cat":[44],"product_tag":[],"class_list":{"0":"post-11744","1":"product","2":"type-product","3":"status-publish","4":"has-post-thumbnail","6":"product_cat-temperaturgefuhrte-verpackungen","8":"first","9":"instock","10":"taxable","11":"shipping-taxable","12":"purchasable","13":"product-type-variable"},"group_of_quantity":0,"min_quantity":0,"max_quantity":"","exclude_order_quantity_value_rules":"no","exclude_category_quantity_rules":"no","combine_variations":"no","acf":[],"_links":{"self":[{"href":"https:\/\/intelsius.com\/de\/wp-json\/wp\/v2\/product\/11744","targetHints":{"allow":["GET"]}}],"collection":[{"href":"https:\/\/intelsius.com\/de\/wp-json\/wp\/v2\/product"}],"about":[{"href":"https:\/\/intelsius.com\/de\/wp-json\/wp\/v2\/types\/product"}],"replies":[{"embeddable":true,"href":"https:\/\/intelsius.com\/de\/wp-json\/wp\/v2\/comments?post=11744"}],"wp:featuredmedia":[{"embeddable":true,"href":"https:\/\/intelsius.com\/de\/wp-json\/wp\/v2\/media\/11741"}],"wp:attachment":[{"href":"https:\/\/intelsius.com\/de\/wp-json\/wp\/v2\/media?parent=11744"}],"wp:term":[{"taxonomy":"product_brand","embeddable":true,"href":"https:\/\/intelsius.com\/de\/wp-json\/wp\/v2\/product_brand?post=11744"},{"taxonomy":"product_cat","embeddable":true,"href":"https:\/\/intelsius.com\/de\/wp-json\/wp\/v2\/product_cat?post=11744"},{"taxonomy":"product_tag","embeddable":true,"href":"https:\/\/intelsius.com\/de\/wp-json\/wp\/v2\/product_tag?post=11744"}],"curies":[{"name":"wp","href":"https:\/\/api.w.org\/{rel}","templated":true}]}}