{"id":11727,"date":"2023-09-28T13:22:50","date_gmt":"2023-09-28T12:22:50","guid":{"rendered":"https:\/\/intelsius.com\/de\/?post_type=product&#038;p=11727"},"modified":"2025-02-14T14:22:17","modified_gmt":"2025-02-14T14:22:17","slug":"palletguard-light","status":"publish","type":"product","link":"https:\/\/intelsius.com\/de\/product\/palletguard-light\/","title":{"rendered":"PalletGuard Light"},"content":{"rendered":"<p>PalletGuard Light Palettenabdeckungen sind eine leicht zu lagernde, einfach zu verwendende L\u00f6sung, die thermischen Schutz vor hei\u00dfen und kalten Temperaturen bietet. Diese leichtgewichtigen Abdeckungen sind in verschiedenen Gr\u00f6\u00dfen erh\u00e4ltlich und k\u00f6nnen f\u00fcr Nutzlasten individueller Gr\u00f6\u00dfe auf Bestellung angefertigt werden.<\/p>\n<p>Diese L\u00f6sungen k\u00f6nnen in Verbindung mit passiven Palettenversendern verwendet werden, um Ihre Ladung an kritischen Punkten in der K\u00fchlkette zu sch\u00fctzen.<\/p>\n<p>&#8211; Einlagiger W\u00e4rmeschutz durch Luftpolsterfolie mit einfacher Isolierauskleidung<br \/>\n&#8211; Empfohlen f\u00fcr den Einsatz in Verbindung mit passiven Versendern<\/p>\n<p><span class=\"btn btn--dark-blue\"><a href=\"https:\/\/intelsius.com\/wp-content\/uploads\/sites\/5\/2023\/09\/PalletGuard-Product-Sheet-v1.4.pdf\">Produktblatt <\/a><\/span><\/p>\n","protected":false},"excerpt":{"rendered":"<p>PalletGuard Light Palettenabdeckungen sind eine leicht zu lagernde, einfach zu verwendende L\u00f6sung, die thermischen Schutz vor hei\u00dfen und kalten Temperaturen bietet. Diese leichtgewichtigen Abdeckungen sind in verschiedenen Gr\u00f6\u00dfen erh\u00e4ltlich und k\u00f6nnen f\u00fcr Nutzlasten individueller Gr\u00f6\u00dfe auf Bestellung angefertigt werden. Diese L\u00f6sungen k\u00f6nnen in Verbindung mit passiven Palettenversendern verwendet werden, um Ihre Ladung an kritischen Punkten &hellip; <a href=\"https:\/\/intelsius.com\/de\/product\/palletguard-light\/\">Continued<\/a><\/p>\n","protected":false},"featured_media":11743,"comment_status":"open","ping_status":"closed","template":"","meta":{"_acf_changed":false},"product_brand":[],"product_cat":[44],"product_tag":[],"class_list":{"0":"post-11727","1":"product","2":"type-product","3":"status-publish","4":"has-post-thumbnail","6":"product_cat-temperaturgefuhrte-verpackungen","8":"first","9":"instock","10":"taxable","11":"shipping-taxable","12":"purchasable","13":"product-type-variable"},"group_of_quantity":0,"min_quantity":0,"max_quantity":"","exclude_order_quantity_value_rules":"no","exclude_category_quantity_rules":"no","combine_variations":"no","acf":[],"_links":{"self":[{"href":"https:\/\/intelsius.com\/de\/wp-json\/wp\/v2\/product\/11727","targetHints":{"allow":["GET"]}}],"collection":[{"href":"https:\/\/intelsius.com\/de\/wp-json\/wp\/v2\/product"}],"about":[{"href":"https:\/\/intelsius.com\/de\/wp-json\/wp\/v2\/types\/product"}],"replies":[{"embeddable":true,"href":"https:\/\/intelsius.com\/de\/wp-json\/wp\/v2\/comments?post=11727"}],"wp:featuredmedia":[{"embeddable":true,"href":"https:\/\/intelsius.com\/de\/wp-json\/wp\/v2\/media\/11743"}],"wp:attachment":[{"href":"https:\/\/intelsius.com\/de\/wp-json\/wp\/v2\/media?parent=11727"}],"wp:term":[{"taxonomy":"product_brand","embeddable":true,"href":"https:\/\/intelsius.com\/de\/wp-json\/wp\/v2\/product_brand?post=11727"},{"taxonomy":"product_cat","embeddable":true,"href":"https:\/\/intelsius.com\/de\/wp-json\/wp\/v2\/product_cat?post=11727"},{"taxonomy":"product_tag","embeddable":true,"href":"https:\/\/intelsius.com\/de\/wp-json\/wp\/v2\/product_tag?post=11727"}],"curies":[{"name":"wp","href":"https:\/\/api.w.org\/{rel}","templated":true}]}}