{"id":136,"date":"2018-06-11T14:09:59","date_gmt":"2018-06-11T13:09:59","guid":{"rendered":"http:\/\/intelsius.com\/?page_id=136"},"modified":"2024-08-14T09:13:05","modified_gmt":"2024-08-14T08:13:05","slug":"kontaktieren-sie-uns","status":"publish","type":"page","link":"https:\/\/intelsius.com\/de\/kontaktieren-sie-uns\/","title":{"rendered":"Kontaktieren Sie uns"},"content":{"rendered":"<p>&nbsp;<\/p>\n<h2>Wir helfen Ihnen gerne<\/h2>\n<p>Unser Team verf\u00fcgt \u00fcber mehr als 20 Jahre Erfahrung in allen Bereichen. Egal, ob Sie nach L\u00f6sungen f\u00fcr Probentransporte, temperaturgef\u00fchrte Verpackungsysteme, oder nach allgemeinen Informationen zu Intelsius Produkten suchen, wir helfen Ihnen gerne. Unser Kundenservice wird sich sofort mit Ihnen in Verbindung setzten.<\/p>\n<p><img loading=\"lazy\" decoding=\"async\" class=\"alignnone size-large wp-image-12056\" src=\"https:\/\/intelsius.com\/wp-content\/uploads\/sites\/5\/2024\/08\/240717_Intenius_2519-1024x669.jpg\" alt=\"\" width=\"1024\" height=\"669\" srcset=\"https:\/\/intelsius.com\/wp-content\/uploads\/2024\/08\/240717_Intenius_2519-1024x669.jpg 1024w, https:\/\/intelsius.com\/wp-content\/uploads\/2024\/08\/240717_Intenius_2519-300x196.jpg 300w, https:\/\/intelsius.com\/wp-content\/uploads\/2024\/08\/240717_Intenius_2519-768x502.jpg 768w, https:\/\/intelsius.com\/wp-content\/uploads\/2024\/08\/240717_Intenius_2519-1536x1003.jpg 1536w, https:\/\/intelsius.com\/wp-content\/uploads\/2024\/08\/240717_Intenius_2519-2048x1338.jpg 2048w, https:\/\/intelsius.com\/wp-content\/uploads\/2024\/08\/240717_Intenius_2519-945x617.jpg 945w, https:\/\/intelsius.com\/wp-content\/uploads\/2024\/08\/240717_Intenius_2519-283x185.jpg 283w, https:\/\/intelsius.com\/wp-content\/uploads\/2024\/08\/240717_Intenius_2519-77x50.jpg 77w, https:\/\/intelsius.com\/wp-content\/uploads\/2024\/08\/240717_Intenius_2519-555x363.jpg 555w, https:\/\/intelsius.com\/wp-content\/uploads\/2024\/08\/240717_Intenius_2519-54x35.jpg 54w, https:\/\/intelsius.com\/wp-content\/uploads\/2024\/08\/240717_Intenius_2519-600x392.jpg 600w, https:\/\/intelsius.com\/wp-content\/uploads\/2024\/08\/240717_Intenius_2519-scaled.jpg 2560w\" sizes=\"auto, (max-width: 1024px) 100vw, 1024px\" \/><\/p>\n","protected":false},"excerpt":{"rendered":"<p>&nbsp; Wir helfen Ihnen gerne Unser Team verf\u00fcgt \u00fcber mehr als 20 Jahre Erfahrung in allen Bereichen. Egal, ob Sie nach L\u00f6sungen f\u00fcr Probentransporte, temperaturgef\u00fchrte Verpackungsysteme, oder nach allgemeinen Informationen zu Intelsius Produkten suchen, wir helfen Ihnen gerne. Unser Kundenservice wird sich sofort mit Ihnen in Verbindung setzten.<\/p>\n","protected":false},"author":1,"featured_media":0,"parent":0,"menu_order":0,"comment_status":"closed","ping_status":"closed","template":"template-contact-us.php","meta":{"_acf_changed":false,"footnotes":""},"class_list":["post-136","page","type-page","status-publish","hentry"],"acf":[],"_links":{"self":[{"href":"https:\/\/intelsius.com\/de\/wp-json\/wp\/v2\/pages\/136","targetHints":{"allow":["GET"]}}],"collection":[{"href":"https:\/\/intelsius.com\/de\/wp-json\/wp\/v2\/pages"}],"about":[{"href":"https:\/\/intelsius.com\/de\/wp-json\/wp\/v2\/types\/page"}],"author":[{"embeddable":true,"href":"https:\/\/intelsius.com\/de\/wp-json\/wp\/v2\/users\/1"}],"replies":[{"embeddable":true,"href":"https:\/\/intelsius.com\/de\/wp-json\/wp\/v2\/comments?post=136"}],"version-history":[{"count":0,"href":"https:\/\/intelsius.com\/de\/wp-json\/wp\/v2\/pages\/136\/revisions"}],"wp:attachment":[{"href":"https:\/\/intelsius.com\/de\/wp-json\/wp\/v2\/media?parent=136"}],"curies":[{"name":"wp","href":"https:\/\/api.w.org\/{rel}","templated":true}]}}